{"id":462,"date":"2024-05-17T11:33:46","date_gmt":"2024-05-17T11:33:46","guid":{"rendered":"https:\/\/psicologiayfutbol.com\/?page_id=462"},"modified":"2024-05-17T11:36:35","modified_gmt":"2024-05-17T11:36:35","slug":"politica-de-privacidad","status":"publish","type":"page","link":"https:\/\/psicologiayfutbol.com\/en\/politica-de-privacidad\/","title":{"rendered":"Pol\u00edtica de privacidad"},"content":{"rendered":"<div id=\"fws_6a0087fcd32cc\"  data-column-margin=\"default\" data-midnight=\"dark\" data-top-percent=\"2%\" data-bottom-percent=\"5%\"  class=\"wpb_row vc_row-fluid vc_row full-width-content vc_row-o-equal-height vc_row-flex vc_row-o-content-top  right_padding_7pct left_padding_7pct\"  style=\"padding-top: calc(100vw * 0.02); padding-bottom: calc(100vw * 0.05); \"><div class=\"row-bg-wrap\" data-bg-animation=\"none\" data-bg-animation-delay=\"\" data-bg-overlay=\"false\"><div class=\"inner-wrap row-bg-layer\" ><div class=\"row-bg viewport-desktop using-bg-color\"  style=\"background-color: #000000; \"><\/div><\/div><\/div><div class=\"row_col_wrap_12 col span_12 dark left\">\n\t<div style=\" color: #ffffff;\" class=\"vc_col-sm-12 wpb_column column_container vc_column_container col no-extra-padding inherit_tablet inherit_phone\" data-cfc=\"true\"  data-padding-pos=\"all\" data-has-bg-color=\"false\" data-bg-color=\"\" data-bg-opacity=\"1\" data-animation=\"\" data-delay=\"0\" >\n\t\t<div class=\"vc_column-inner\" >\n\t\t\t<div class=\"wpb_wrapper\">\n\t\t\t\t\n<div class=\"wpb_text_column wpb_content_element\" >\n\t<div class=\"wpb_wrapper\">\n\t\t<h1 data-text-color=\"primary\">Pol\u00edtica de privacidad<\/h1>\n<p>&nbsp;<\/p>\n<p><strong>\u00bfQUI\u00c9N ES EL RESPONSABLE DEL TRATAMIENTO?<\/strong><\/p>\n<ul>\n<li>Identidad del responsable: Asier Garc\u00eda \u2013 NIF<\/li>\n<li>Direcci\u00f3n f\u00edsica:<\/li>\n<li>Correo electr\u00f3nico: psicologodefutbol@gmail.com<\/li>\n<li>Tel\u00e9fono:<\/li>\n<\/ul>\n<p><strong>\u00bfCON QU\u00c9 FINALIDAD TRATAMOS LOS DATOS PERSONALES?<\/strong><\/p>\n<p>En Asier Garc\u00eda se tratan los datos personales con las siguientes finalidades:<\/p>\n<ul>\n<li>Contacto: responder a las solicitudes de informaci\u00f3n recibidas sobre los servicios que se ofrecen, as\u00ed como dar respuesta a cualquier otro tipo de pregunta que env\u00eden los usuarios.<\/li>\n<\/ul>\n<p><strong>\u00bfDURANTE CU\u00c1NTO TRATAMOS LOS DATOS PERSONALES?<\/strong><\/p>\n<p>En Asier Garc\u00eda se tratan los datos personales durante los siguientes plazos:<\/p>\n<ul>\n<li>Contacto: el plazo de conservaci\u00f3n de los datos ser\u00e1 mientras el usuario no manifieste su derecho de supresi\u00f3n<\/li>\n<\/ul>\n<p><strong>\u00bfCU\u00c1L ES LA LEGITIMACI\u00d3N PARA EL TRATAMIENTO DE LOS DATOS?<\/strong><\/p>\n<p>Al acceder a nuestra web y rellenar los formularios o enviarnos datos a trav\u00e9s de los medios de contacto electr\u00f3nicos indicados, aceptas esta Pol\u00edtica de Privacidad. Es por ello, que nos basamos en el consentimiento del usuario para el tratamiento de sus datos. Adicionalmente, te informamos que s\u00f3lo usaremos la informaci\u00f3n de car\u00e1cter personal en virtud de esta Pol\u00edtica de Privacidad y, con car\u00e1cter general, solicitaremos tu consentimiento para usos con fines distintos de aqu\u00e9llos para los cuales los otorgaste inicialmente. Finalmente, te informamos que puedes retirar el consentimiento en cualquier momento, solo tendr\u00e1s que ponerte en contacto con nosotros a trav\u00e9s de los medios indicados en esta pol\u00edtica de privacidad<\/p>\n<p><strong>\u00bfCON QUI\u00c9N COMPARTIMOS LOS DATOS PERSONALES?<\/strong><\/p>\n<p>Los datos personales recabados no ser\u00e1n en ning\u00fan caso cedidos a terceros ni hechos p\u00fablicos, salvo en los supuestos en que lo consienta, participe voluntariamente o por obligaciones legales expresas.<\/p>\n<p>\u00danicamente compartimos informaci\u00f3n personal con ciertas empresas que prestan servicios, proporcionando \u00fanicamente aquellos datos necesarios para estos fines. Exigimos a cualquier empresa con la que pudi\u00e9ramos compartir informaci\u00f3n personal que proteja esos datos de conformidad con la presente pol\u00edtica, limite el uso de la informaci\u00f3n personal a la prestaci\u00f3n de servicios, adem\u00e1s de firmar los correspondientes contratos de acceso a datos conforme a la normativa vigente de protecci\u00f3n de datos. Tambi\u00e9n le informamos de que en el caso de que se realicen transferencias internacionales fuera del Espacio Econ\u00f3mico Europeo exigimos que estas empresas dispongan de \u201cseguros\u201d mediante acuerdos internacionales, o adhesi\u00f3n el Escudo de Privacidad UE-EE.UU ( EU- US Privacy Shield)<\/p>\n<p>No se comunicar\u00e1n los datos a terceros, salvo obligaci\u00f3n legal. Tambi\u00e9n compartimos Informaci\u00f3n personal con ciertas empresas que prestan servicios a nuestra empresa (soporte y desarrollo web, email marketing). Solo compartimos la Informaci\u00f3n personal necesaria para que puedan prestar dichos servicios. Exigimos a cualquier empresa con la que pudi\u00e9ramos compartir Informaci\u00f3n personal que proteja esos datos de una forma que cumpla con las disposiciones de esta pol\u00edtica y que limite el uso de dicha Informaci\u00f3n personal a la prestaci\u00f3n de servicios, adem\u00e1s de firmar los correspondientes contratos de acceso a datos conforme la normativa de protecci\u00f3n de datos exige en estos casos. Del mismo modo, informamos que no se realizan transferencias internacionales fuera del Espacio Econ\u00f3mico Europeo.<\/p>\n<p><strong>\u00bfQU\u00c9 DERECHOS PUEDES EJERCER?<\/strong><\/p>\n<p>El interesado podr\u00e1 ejercitar sus derechos sobre protecci\u00f3n de datos (acceso, rectificaci\u00f3n, oposici\u00f3n, supresi\u00f3n, decisiones automatizadas, limitaci\u00f3n del tratamiento, portabilidad) por correo electr\u00f3nico en psicologodefutbol@gmail.com, o por correo postal en DIRECCI\u00d3N. Deber\u00e1 aportarse documentaci\u00f3n que acredite la identidad del solicitante (copia del anverso del Documento Nacional de Identidad, o equivalente). El plazo de respuesta m\u00e1ximo ser\u00e1 de 30 d\u00edas desde su recepci\u00f3n, pudiendo prorrogarse como m\u00e1ximo por un plazo de 2 meses siempre que sea necesario.<\/p>\n<p>En cualquier caso, puede solicitar la tutela de la Agencia Espa\u00f1ola de Protecci\u00f3n de Datos a trav\u00e9s de su p\u00e1gina web.<\/p>\n\t<\/div>\n<\/div>\n\n\n\n\n\t\t\t<\/div> \n\t\t<\/div>\n\t<\/div> \n<\/div><\/div>","protected":false},"excerpt":{"rendered":"Pol\u00edtica de privacidad &nbsp; \u00bfQUI\u00c9N ES EL RESPONSABLE DEL TRATAMIENTO? Identidad del responsable: Asier Garc\u00eda \u2013 NIF Direcci\u00f3n f\u00edsica: Correo electr\u00f3nico: psicologodefutbol@gmail.com Tel\u00e9fono: \u00bfCON QU\u00c9 FINALIDAD TRATAMOS LOS DATOS PERSONALES?...","protected":false},"author":1,"featured_media":0,"parent":0,"menu_order":0,"comment_status":"closed","ping_status":"closed","template":"","meta":{"footnotes":""},"class_list":["post-462","page","type-page","status-publish"],"_links":{"self":[{"href":"https:\/\/psicologiayfutbol.com\/en\/wp-json\/wp\/v2\/pages\/462"}],"collection":[{"href":"https:\/\/psicologiayfutbol.com\/en\/wp-json\/wp\/v2\/pages"}],"about":[{"href":"https:\/\/psicologiayfutbol.com\/en\/wp-json\/wp\/v2\/types\/page"}],"author":[{"embeddable":true,"href":"https:\/\/psicologiayfutbol.com\/en\/wp-json\/wp\/v2\/users\/1"}],"replies":[{"embeddable":true,"href":"https:\/\/psicologiayfutbol.com\/en\/wp-json\/wp\/v2\/comments?post=462"}],"version-history":[{"count":0,"href":"https:\/\/psicologiayfutbol.com\/en\/wp-json\/wp\/v2\/pages\/462\/revisions"}],"wp:attachment":[{"href":"https:\/\/psicologiayfutbol.com\/en\/wp-json\/wp\/v2\/media?parent=462"}],"curies":[{"name":"wp","href":"https:\/\/api.w.org\/{rel}","templated":true}]}}