{"id":440,"date":"2024-05-17T07:15:41","date_gmt":"2024-05-17T07:15:41","guid":{"rendered":"https:\/\/psicologiayfutbol.com\/?page_id=440"},"modified":"2025-09-02T15:43:18","modified_gmt":"2025-09-02T15:43:18","slug":"sobre-mi","status":"publish","type":"page","link":"https:\/\/psicologiayfutbol.com\/en\/sobre-mi\/","title":{"rendered":"Sobre mi"},"content":{"rendered":"<div id=\"fws_6a0087fcd5053\"  data-column-margin=\"default\" data-midnight=\"light\" data-top-percent=\"2%\" data-bottom-percent=\"0%\"  class=\"wpb_row vc_row-fluid vc_row full-width-content vc_row-o-full-height vc_row-o-columns-top vc_row-o-equal-height vc_row-flex vc_row-o-content-top  top_padding_tablet_5pct top_padding_phone_0px\"  style=\"padding-top: calc(100vw * 0.02); padding-bottom: calc(100vw * 0.00); \"><div class=\"row-bg-wrap\" data-bg-animation=\"none\" data-bg-animation-delay=\"\" data-bg-overlay=\"false\"><div class=\"inner-wrap row-bg-layer\" ><div class=\"row-bg viewport-desktop using-bg-color\"  style=\"background-color: #000000; \"><\/div><\/div><\/div><div class=\"nectar-shape-divider-wrap\" style=\" height:1px;\"  data-height=\"1px\" data-front=\"\" data-style=\"straight_section\" data-position=\"bottom\" ><svg class=\"nectar-shape-divider\" aria-hidden=\"true\" fill=\"#f7cc22\" xmlns=\"http:\/\/www.w3.org\/2000\/svg\" viewbox=\"0 0 100 10\" preserveaspectratio=\"none\"> <polygon points=\"104 10, 104 0, 0 0, 0 10\"><\/polygon> <\/svg><\/div><div class=\"row_col_wrap_12 col span_12 light left\">\n\t<div style=\" color: #f7cc22;z-index: 2; \" class=\"vc_col-sm-6 wpb_column column_container vc_column_container col left_padding_desktop_5vw top_padding_phone_6vw right_padding_desktop_5vw bottom_padding_desktop_5vw\" data-cfc=\"true\"  data-padding-pos=\"all\" data-has-bg-color=\"false\" data-bg-color=\"\" data-bg-opacity=\"1\" data-animation=\"\" data-delay=\"0\" >\n\t\t<div class=\"vc_column-inner\" >\n\t\t\t<div class=\"wpb_wrapper\">\n\t\t\t\t<div id=\"fws_6a0087fcd554d\" data-midnight=\"\" data-column-margin=\"default\" class=\"wpb_row vc_row-fluid vc_row inner_row\"  style=\" z-index: 2;\"><div class=\"row-bg-wrap\"> <div class=\"row-bg\" ><\/div> <\/div><div class=\"row_col_wrap_12_inner col span_12  left\">\n\t<div style=\"margin-top: -1%; \" class=\"vc_col-sm-12 wpb_column column_container vc_column_container col child_column neg-marg no-extra-padding inherit_tablet inherit_phone\"   data-padding-pos=\"all\" data-has-bg-color=\"false\" data-bg-color=\"\" data-bg-opacity=\"1\" data-animation=\"\" data-delay=\"0\" >\n\t\t<div class=\"vc_column-inner\" >\n\t\t<div class=\"wpb_wrapper\">\n\t\t\t\n<div class=\"wpb_text_column wpb_content_element\" >\n\t<div class=\"wpb_wrapper\">\n\t\t<h2>SOBRE M\u00cd<\/h2>\n\t<\/div>\n<\/div>\n\n\n\n\n<div class=\"wpb_text_column wpb_content_element\" >\n\t<div class=\"wpb_wrapper\">\n\t\t<h1>ASIER GARCIA<\/h1>\n\t<\/div>\n<\/div>\n\n\n\n\n<div class=\"wpb_text_column wpb_content_element\" >\n\t<div class=\"wpb_wrapper\">\n\t\t<p>Nac\u00ed en Alicante (Espa\u00f1a), donde jugu\u00e9 al f\u00fatbol m\u00e1s de 15 a\u00f1os. A los 16 me romp\u00ed el cruzado y se me vino el mundo abajo. Volv\u00ed con ganas, pero me falt\u00f3 confianza y tuve que salir solo de un momento complicado.<\/p>\n<p>Estudi\u00e9 Psicolog\u00eda, me especialic\u00e9 en Psicolog\u00eda Deportiva y lanc\u00e9 Psicolog\u00eda y F\u00fatbol, el proyecto que me habr\u00eda gustado tener en esa etapa.<\/p>\n<p>Hoy ya somos m\u00e1s de <strong data-start=\"465\" data-end=\"485\">300.000 personas<\/strong> entre todas las redes. Entrenar la mente ya no es cosa de \u201clocos\u201d. Es lo que hacen los que quieren llegar lejos.<br data-start=\"598\" data-end=\"601\" \/>Ahora tengo un equipo de psic\u00f3logos deportivos a mi lado. Compartimos un objetivo claro:<br data-start=\"689\" data-end=\"692\" \/><strong data-start=\"692\" data-end=\"806\">\u00abAyudar a futbolistas juveniles a recuperar su confianza, disfrutar en el campo y rendir como saben que pueden\u00bb.<\/strong><\/p>\n\t<\/div>\n<\/div>\n\n\n\n\n\t\t<\/div> \n\t<\/div>\n\t<\/div> \n<\/div><\/div>\n\t\t\t<\/div> \n\t\t<\/div>\n\t<\/div> \n\n\t<div style=\"z-index: 1; \" class=\"vc_col-sm-6 wpb_column column_container vc_column_container col left_padding_desktop_6pct left_padding_tablet_3pct top_padding_desktop_0px top_padding_tablet_3pct right_padding_tablet_3pct bottom_padding_tablet_3pct\"  data-padding-pos=\"all\" data-has-bg-color=\"false\" data-bg-color=\"\" data-bg-opacity=\"1\" data-animation=\"\" data-delay=\"0\" >\n\t\t<div class=\"vc_column-inner\" >\n\t\t\t<div class=\"wpb_wrapper\">\n\t\t\t\t<div class=\"img-with-aniamtion-wrap center custom-width-90pct\" data-max-width=\"custom\" data-max-width-mobile=\"default\" data-shadow=\"none\" data-animation=\"none\" >\n      <div class=\"inner\">\n        <div class=\"hover-wrap\"> \n          <div class=\"hover-wrap-inner\">\n            <img fetchpriority=\"high\" decoding=\"async\" class=\"img-with-animation skip-lazy\" data-delay=\"0\" height=\"686\" width=\"514\" data-animation=\"none\" src=\"https:\/\/psicologiayfutbol.com\/wp-content\/uploads\/2024\/05\/asier-garcia-psicologo-deportistas-futbol.png\" alt=\"asier garc\u00eda psic\u00f3logo deportivo\" srcset=\"https:\/\/psicologiayfutbol.com\/wp-content\/uploads\/2024\/05\/asier-garcia-psicologo-deportistas-futbol.png 514w, https:\/\/psicologiayfutbol.com\/wp-content\/uploads\/2024\/05\/asier-garcia-psicologo-deportistas-futbol-225x300.png 225w\" sizes=\"(max-width: 514px) 100vw, 514px\" \/>\n          <\/div>\n        <\/div>\n      <\/div>\n    <\/div>\n\t\t\t<\/div> \n\t\t<\/div>\n\t<\/div> \n<\/div><\/div>\n\t\t<div id=\"yo\"  data-column-margin=\"40px\" data-midnight=\"dark\" data-top-percent=\"10%\" data-bottom-percent=\"10%\"  class=\"wpb_row vc_row-fluid vc_row full-width-content vc_row-o-equal-height vc_row-flex vc_row-o-content-middle  right_padding_4vw left_padding_4vw top_padding_phone_25pct right_padding_phone_0vw left_padding_phone_0vw\"  style=\"padding-top: calc(100vw * 0.10); padding-bottom: calc(100vw * 0.10); \"><div class=\"row-bg-wrap\" data-bg-animation=\"none\" data-bg-animation-delay=\"\" data-bg-overlay=\"false\"><div class=\"inner-wrap row-bg-layer\" ><div class=\"row-bg viewport-desktop\"  style=\"\"><\/div><\/div><\/div><div class=\"row_col_wrap_12 col span_12 dark left\">\n\t<div  class=\"vc_col-sm-12 wpb_column column_container vc_column_container col no-extra-padding inherit_tablet inherit_phone\"  data-padding-pos=\"all\" data-has-bg-color=\"false\" data-bg-color=\"\" data-bg-opacity=\"1\" data-animation=\"\" data-delay=\"0\" >\n\t\t<div class=\"vc_column-inner\" >\n\t\t\t<div class=\"wpb_wrapper\">\n\t\t\t\t<div class=\"nectar-responsive-text font_size_desktop_14vw font_size_tablet_17vw font_size_phone_20vw nectar-link-underline-effect\" style=\"color: #ededed;\"><h2>SOMOS<\/h2>\n<\/div>\n\t\t\t<\/div> \n\t\t<\/div>\n\t<\/div> \n\n\t<div style=\" color: #f7cc22;\" class=\"vc_col-sm-6 wpb_column column_container vc_column_container col right_padding_desktop_0vw\" data-cfc=\"true\"  data-padding-pos=\"all\" data-has-bg-color=\"false\" data-bg-color=\"\" data-bg-opacity=\"1\" data-animation=\"\" data-delay=\"0\" >\n\t\t<div class=\"vc_column-inner\" >\n\t\t\t<div class=\"wpb_wrapper\">\n\t\t\t\t<div class=\"nectar-split-heading\" data-align=\"default\" data-m-align=\"inherit\" data-text-effect=\"default\" data-animation-type=\"line-reveal-by-space\" data-animation-delay=\"0\" data-animation-offset=\"\" data-m-rm-animation=\"\" data-stagger=\"\" data-custom-font-size=\"false\" ><h2 style=\" color: #f7cc22;\">COMPROMISO<\/h2><\/div><div class=\"nectar-split-heading\" data-align=\"default\" data-m-align=\"inherit\" data-text-effect=\"default\" data-animation-type=\"line-reveal-by-space\" data-animation-delay=\"0\" data-animation-offset=\"\" data-m-rm-animation=\"\" data-stagger=\"\" data-custom-font-size=\"false\" ><h2 style=\" color: #f7cc22;\">PASI\u00d3N<\/h2><\/div><div class=\"nectar-split-heading\" data-align=\"default\" data-m-align=\"inherit\" data-text-effect=\"default\" data-animation-type=\"line-reveal-by-space\" data-animation-delay=\"0\" data-animation-offset=\"\" data-m-rm-animation=\"\" data-stagger=\"\" data-custom-font-size=\"false\" ><h2 style=\" color: #f7cc22;\">RESULTADOS<\/h2><\/div>\n\t\t\t<\/div> \n\t\t<\/div>\n\t<\/div> \n\n\t<div  class=\"vc_col-sm-6 wpb_column column_container vc_column_container col top_margin_tablet_5pct top_margin_phone_5pct left_padding_desktop_3vw left_padding_tablet_2vw right_padding_desktop_3vw right_padding_tablet_2vw\"  data-padding-pos=\"all\" data-has-bg-color=\"false\" data-bg-color=\"\" data-bg-opacity=\"1\" data-animation=\"\" data-delay=\"0\" >\n\t\t<div class=\"vc_column-inner\" >\n\t\t\t<div class=\"wpb_wrapper\">\n\t\t\t\t<div class=\"nectar-highlighted-text\" data-style=\"full_text\" data-exp=\"default\" data-using-custom-color=\"true\" data-animation-delay=\"false\" data-color=\"#f7cc22\" data-color-gradient=\"\" style=\"\"><p>En Psicolog\u00eda y F\u00fatbol no hacemos las cosas a medias. O vamos con todo, o no vamos.<\/p>\n<p>Nos gusta comprometernos y buscar un cambio real: un antes y un despu\u00e9s.<br data-start=\"264\" data-end=\"267\" \/>Lo hacemos por pasi\u00f3n. Por el f\u00fatbol, por aprender, por mejorar. Esa pasi\u00f3n que todos los del equipo llevamos dentro desde peque\u00f1os.<\/p>\n<p>Y no hablamos por hablar. Nos basamos en datos reales, en resultados medibles. Porque lo que no se mide, no existe. Y aqu\u00ed, las mejoras se notan.<\/p>\n<\/div>\n\t\t\t<\/div> \n\t\t<\/div>\n\t<\/div> \n<\/div><\/div>\n\t\t<div id=\"fws_6a0087fcd6b9d\"  data-column-margin=\"50px\" data-midnight=\"light\" data-top-percent=\"12%\" data-bottom-percent=\"0%\"  class=\"wpb_row vc_row-fluid vc_row full-width-content vc_row-o-equal-height vc_row-flex vc_row-o-content-top  right_padding_2vw left_padding_2vw top_padding_phone_20pct right_padding_phone_0px left_padding_phone_0px\"  style=\"padding-top: calc(100vw * 0.12); padding-bottom: calc(100vw * 0.00); \"><div class=\"row-bg-wrap\" data-bg-animation=\"none\" data-bg-animation-delay=\"\" data-bg-overlay=\"false\"><div class=\"inner-wrap row-bg-layer\" ><div class=\"row-bg viewport-desktop using-bg-color\"  style=\"background-color: #000000; \"><\/div><\/div><\/div><div class=\"nectar-shape-divider-wrap\" style=\" height:1px;\"  data-height=\"1px\" data-front=\"\" data-style=\"straight_section\" data-position=\"top\" ><svg class=\"nectar-shape-divider\" aria-hidden=\"true\" fill=\"#f7cc22\" xmlns=\"http:\/\/www.w3.org\/2000\/svg\" viewbox=\"0 0 100 10\" preserveaspectratio=\"none\"> <polygon points=\"104 10, 104 0, 0 0, 0 10\"><\/polygon> <\/svg><\/div><div class=\"row_col_wrap_12 col span_12 light left\">\n\t<div  class=\"vc_col-sm-12 wpb_column column_container vc_column_container col right_padding_desktop_3vw\"  data-padding-pos=\"all\" data-has-bg-color=\"false\" data-bg-color=\"\" data-bg-opacity=\"1\" data-animation=\"\" data-delay=\"0\" >\n\t\t<div class=\"vc_column-inner\" >\n\t\t\t<div class=\"wpb_wrapper\">\n\t\t\t\t<div class=\"nectar-responsive-text font_size_desktop_14vw font_size_tablet_17vw font_size_phone_20vw nectar-link-underline-effect\" style=\"color: #333333;\"><h2>S\u00edgueme<\/h2>\n<\/div>\n\t\t\t<\/div> \n\t\t<\/div>\n\t<\/div> \n<\/div><\/div>\n\t\t<div id=\"fws_6a0087fcd6f6c\"  data-column-margin=\"default\" data-midnight=\"dark\" data-bottom-percent=\"5%\"  class=\"wpb_row vc_row-fluid vc_row full-width-content vc_row-o-equal-height vc_row-flex vc_row-o-content-top  right_padding_5vw left_padding_5vw\"  style=\"padding-top: 0px; padding-bottom: calc(100vw * 0.05); \"><div class=\"row-bg-wrap\" data-bg-animation=\"none\" data-bg-animation-delay=\"\" data-bg-overlay=\"false\"><div class=\"inner-wrap row-bg-layer\" ><div class=\"row-bg viewport-desktop using-bg-color\"  style=\"background-color: #000000; \"><\/div><\/div><\/div><div class=\"row_col_wrap_12 col span_12 dark left\">\n\t<div style=\"\" class=\"vc_col-sm-12 wpb_column column_container vc_column_container col centered-text padding-2-percent inherit_tablet inherit_phone\" data-using-bg=\"true\" data-border-radius=\"20px\" data-padding-pos=\"all\" data-has-bg-color=\"true\" data-bg-color=\"#f7cc22\" data-bg-opacity=\"1\" data-animation=\"\" data-delay=\"0\" >\n\t\t<div class=\"vc_column-inner\" ><div class=\"column-bg-overlay-wrap column-bg-layer\" data-bg-animation=\"none\"><div class=\"column-bg-overlay\" style=\"opacity: 1; background-color: #f7cc22;\"><\/div><\/div>\n\t\t\t<div class=\"wpb_wrapper\">\n\t\t\t\t<a href=\"\/en\/contacto\/\" target=\"_self\" data-nectar-link-indicator=\"true\" data-indicator-bg=\"#000000\" data-indicator-icon=\"#f4901e\"><div class=\"nectar-split-heading  font_size_12vw font_line_height_1-1\" data-align=\"default\" data-m-align=\"inherit\" data-text-effect=\"default\" data-animation-type=\"line-reveal-by-space\" data-animation-delay=\"0\" data-animation-offset=\"\" data-m-rm-animation=\"\" data-stagger=\"\" data-custom-font-size=\"true\" style=\"font-size: 12vw; line-height: 13.2vw;\"><h2 style=\" color: #000000;\">cont\u00e1ctame<\/h2><\/div><\/a>\n\t\t\t<\/div> \n\t\t<\/div>\n\t<\/div> \n<\/div><\/div>","protected":false},"excerpt":{"rendered":"SOBRE M\u00cd ASIER GARCIA Nac\u00ed en Alicante (Espa\u00f1a), donde jugu\u00e9 al f\u00fatbol m\u00e1s de 15 a\u00f1os. A los 16 me romp\u00ed el cruzado y se me vino el mundo abajo....","protected":false},"author":1,"featured_media":0,"parent":0,"menu_order":0,"comment_status":"closed","ping_status":"closed","template":"","meta":{"footnotes":""},"class_list":["post-440","page","type-page","status-publish"],"_links":{"self":[{"href":"https:\/\/psicologiayfutbol.com\/en\/wp-json\/wp\/v2\/pages\/440"}],"collection":[{"href":"https:\/\/psicologiayfutbol.com\/en\/wp-json\/wp\/v2\/pages"}],"about":[{"href":"https:\/\/psicologiayfutbol.com\/en\/wp-json\/wp\/v2\/types\/page"}],"author":[{"embeddable":true,"href":"https:\/\/psicologiayfutbol.com\/en\/wp-json\/wp\/v2\/users\/1"}],"replies":[{"embeddable":true,"href":"https:\/\/psicologiayfutbol.com\/en\/wp-json\/wp\/v2\/comments?post=440"}],"version-history":[{"count":0,"href":"https:\/\/psicologiayfutbol.com\/en\/wp-json\/wp\/v2\/pages\/440\/revisions"}],"wp:attachment":[{"href":"https:\/\/psicologiayfutbol.com\/en\/wp-json\/wp\/v2\/media?parent=440"}],"curies":[{"name":"wp","href":"https:\/\/api.w.org\/{rel}","templated":true}]}}